{"id":2995,"date":"2020-11-21T11:58:39","date_gmt":"2020-11-21T10:58:39","guid":{"rendered":"http:\/\/montpreis.si\/datenschutz-bestimmungen\/"},"modified":"2021-04-10T16:45:10","modified_gmt":"2021-04-10T15:45:10","slug":"datenschutz-bestimmungen","status":"publish","type":"page","link":"https:\/\/montpreis.si\/de\/datenschutz-bestimmungen\/","title":{"rendered":"Datenschutz-Bestimmungen"},"content":{"rendered":"<div class=\"wpb-content-wrapper\"><p>[vc_row][vc_column]<div class=\"dfd-spacer-module\"  data-units=\"px\" data-wide_resolution=\"1280\" data-wide_size=\"100\" data-normal_resolution=\"1024\" data-normal_size=\"80\" data-tablet_resolution=\"800\" data-tablet_size=\"70\" data-mobile_resolution=\"480\" data-mobile_size=\"50\" style=\"height: 100px;\"><\/div>[vc_column_text]<strong>Verantwortlicher f\u00fcr personenbezogene Daten und Kontaktdaten<\/strong><br \/>\nDiese Richtlinie gilt f\u00fcr die Verarbeitung (Verwendung) personenbezogener Daten durch Montpreis d.o.o. (Verantwortlicher).<\/p>\n<p><em><strong>Bedienerinformationen:<\/strong><\/em><br \/>\nMontpreis d.o.o.<br \/>\nPlanina 65d<br \/>\nSI-3225 Planina pri Sevnici<br \/>\nSlowenien<br \/>\nTelefon: +386 (0)8 205 4039, +386 (0)5 9929 777<br \/>\nE-mail: info@montpreis.si<\/p>\n<p><em><strong>Angaben zum Datenschutzbeauftragten:<\/strong><\/em><br \/>\nTja\u0161a Robi\u010d \/ Allgemeine Informationen<br \/>\nTelefon: +386 (0)8 205 4039<br \/>\nE-mail: info@montpreis.si<\/p>\n<p><strong>Datenschutzerkl\u00e4rung<\/strong><br \/>\nDie Ersteller der MONTPREIS-Website sind sich der Bedeutung des Datenschutzes bewusst. Daher gehen wir stets verantwortungsbewusst, sorgf\u00e4ltig und in \u00dcbereinstimmung mit den geltenden Gesetzen mit Ihren Daten um. Der Zweck der Datenschutzerkl\u00e4rung besteht darin, Sie \u00fcber unsere Datenschutzrichtlinien und die Optionen zu informieren, die Ihnen bei der Erfassung und Verwendung der Informationen online zur Verf\u00fcgung stehen.<\/p>\n<p><strong>Welche personenbezogenen Daten verarbeiten wir?<\/strong><br \/>\nSie k\u00f6nnen unsere Website besuchen und Inhalte anzeigen, ohne pers\u00f6nliche Informationen zu identifizieren oder anzugeben. Wir haben auf einigen Unterseiten der MONTPREIS-Website Formulare installiert, damit Sie uns kontaktieren k\u00f6nnen. Um Ihre Anfragen bearbeiten und \/ oder Ihre Fragen beantworten zu k\u00f6nnen, ben\u00f6tigen wir Ihre Kontaktinformationen: Firma, Kontaktperson (Vor- und Nachname), Telefonnummer, E-Mail-Adresse &#8211; dies kann pers\u00f6nliche Informationen enthalten.<\/p>\n<p>Bitte senden Sie vor dem Absenden einer Nachricht Ihre Zustimmung zur Verwendung personenbezogener Daten.<br \/>\nSie k\u00f6nnen Ihre W\u00fcnsche, W\u00fcnsche und Fragen \u00fcber die folgenden Formulare einreichen:<br \/>\na) Sie senden eine Anfrage f\u00fcr unsere Produkte und \/ oder Dienstleistungen: <a href=\"https:\/\/montpreis.si\/de\/kontakt\/\">https:\/\/montpreis.si\/de\/kontakt\/<\/a><br \/>\nb.) Oddate povpra\u0161evanje po na\u0161ih izdelkih in\/ali storitvah na e-naslova: <a href=\"mailto:info@montpreis.si\">info@montpreis.si<\/a>, <a href=\"mailto:tjasa.robic@montpreis.si\">tjasa.robic@montpreis.si<\/a>, <a href=\"mailto:logistika@montpreis.si\">logistika@montpreis.si<\/a><br \/>\nc.) Oddate povpra\u0161evanje glede ra\u010dunovodskih storitev na e-naslov: <a href=\"mailto:racunovodstvo@montpreis.si\">racunovodstvo@montpreis.si<\/a><\/p>\n<p>Basierend auf den von Ihnen eingegebenen Daten wird automatisch eine elektronische Nachricht generiert und bei Unterseite a) an unsere allgemeine E-Mail-Adresse info@montpreis.si und bei Unterseite b) an c.) An die E-Mail-Adresse der verantwortlichen Person weitergeleitet.<\/p>\n<p><strong>Rechtsgrundlage f\u00fcr die Verarbeitung personenbezogener Daten<\/strong><br \/>\nWir k\u00f6nnen Ihre personenbezogenen Daten auf folgenden Rechtsgrundlagen verarbeiten:<br \/>\n&#8211; wenn dies zur Erf\u00fcllung unserer gesetzlichen Verpflichtungen erforderlich ist (z. B. Ausstellung von Rechnungen f\u00fcr gekaufte Waren);<br \/>\n&#8211; wenn die Verarbeitung Ihrer personenbezogenen Daten f\u00fcr den Abschluss und die Erf\u00fcllung des Vertrags erforderlich ist, den Sie mit uns geschlossen haben, oder weil Sie ein Angebot von uns angefordert haben;<br \/>\n&#8211; wenn Sie der Verarbeitung Ihrer personenbezogenen Daten f\u00fcr einen bestimmten Verarbeitungszweck zugestimmt haben und jederzeit das Recht haben, die erteilte Einwilligung zu widerrufen.<\/p>\n<p><strong>Freiwillige Daten\u00fcbertragung und Folgen der Nicht\u00fcbertragung<\/strong><br \/>\nDie Angabe personenbezogener Daten ist freiwillig. Sie sind nicht verpflichtet, uns personenbezogene Daten zur Verf\u00fcgung zu stellen. Wenn Sie diese jedoch nicht angeben, k\u00f6nnen Sie keine Antworten und \/ oder Angebote von uns erhalten. Aufgrund der erh\u00f6hten Anzahl von Anfragen geben Sie bitte Ihre Kontakttelefonnummer an. Formulare mit der eingegebenen Telefonnummer werden in erster Linie ber\u00fccksichtigt.<\/p>\n<p><strong>Zwecke der Verarbeitung personenbezogener Daten<\/strong><br \/>\nWir k\u00f6nnen Ihre pers\u00f6nlichen Daten f\u00fcr einen oder mehrere der folgenden Zwecke verwenden:<br \/>\n&#8211; mit Ihnen \u00fcber die Bereitstellung unserer Dienste zu kommunizieren und auf Ihre Anfragen zu antworten;<br \/>\n&#8211; f\u00fcr statistische Analysen zum Verkauf unserer Waren und zur Nutzung unserer Websites;<\/p>\n<p><strong>Wie lange speichern wir Ihre pers\u00f6nlichen Daten und was passiert danach damit?<\/strong><br \/>\nDaten zu ausgestellten Rechnungen werden ab dem Ausstellungsdatum 10 Jahre lang aufbewahrt. Wir bewahren die f\u00fcr den Abschluss und die Erf\u00fcllung des Vertrages zwischen Ihnen und uns erforderlichen Daten f\u00fcr weitere 10 Jahre ab Vertragserf\u00fcllung (Lieferung von Waren) auf.<\/p>\n<p><strong>Wer hat Zugriff auf Ihre pers\u00f6nlichen Daten<\/strong><br \/>\nWir geben Ihre personenbezogenen Daten nicht weiter und geben sie nicht an Dritte au\u00dferhalb von MONTPREIS weiter.<\/p>\n<p><strong>Welche Rechte haben Sie in Bezug auf personenbezogene Daten, wie k\u00f6nnen Sie Ihre Einwilligung zur Verarbeitung widerrufen und welche Konsequenzen hat der Widerruf<br \/>\n<\/strong><br \/>\nSie haben folgende Rechte an Ihren pers\u00f6nlichen Daten:<br \/>\n&#8211; um uns jederzeit zu fragen: um zu best\u00e4tigen, ob wir Ihre pers\u00f6nlichen Daten verarbeiten; Zugriff auf personenbezogene Daten und folgende Informationen:<br \/>\nVerarbeitungszwecke; Arten personenbezogener Daten; Benutzer oder Kategorien von Benutzern, denen personenbezogene Daten mitgeteilt wurden oder werden<br \/>\neine (kostenlose) Kopie personenbezogener Daten in einer von Ihnen festgelegten Form (wenn die Anfrage auf elektronischem Wege erfolgt und Sie nichts anderes verlangen, wird eine Kopie in elektronischer Form zur Verf\u00fcgung gestellt); Korrektur ungenauer personenbezogener Daten; Einschr\u00e4nkung der Verarbeitung, wenn: Sie die Richtigkeit personenbezogener Daten f\u00fcr einen Zeitraum bestreiten, in dem wir die Richtigkeit personenbezogener Daten \u00fcberpr\u00fcfen k\u00f6nnen; Die Verarbeitung ist illegal und Sie lehnen die L\u00f6schung personenbezogener Daten ab und fordern stattdessen eine Einschr\u00e4nkung ihrer Verwendung. Wir ben\u00f6tigen keine personenbezogenen Daten mehr f\u00fcr Verarbeitungszwecke, aber Sie ben\u00f6tigen sie, um rechtliche Anspr\u00fcche geltend zu machen, durchzusetzen oder zu verteidigen. L\u00f6schung aller personenbezogenen Daten (Recht auf Vergessenwerden), wenn die in Artikel 17 der Allgemeinen Datenschutzverordnung genannten Voraussetzungen erf\u00fcllt sind, insbesondere wenn Sie Ihre Einwilligung zur Verarbeitung personenbezogener Daten widerrufen;<\/p>\n<p>Drucken Sie personenbezogene Daten in einer strukturierten, h\u00e4ufig verwendeten und maschinenlesbaren Form mit dem Recht, diese Daten an einen anderen Controller weiterzugeben, ohne mich zu st\u00f6ren.<br \/>\n&#8211; das Recht, beim Informationskommissar eine Beschwerde gegen uns einzureichen, wenn Sie der Ansicht sind, dass die Verarbeitung Ihrer personenbezogenen Daten gegen die Allgemeine Datenschutzverordnung verst\u00f6\u00dft.<\/p>\n<p><strong>Verfahren zur Aus\u00fcbung von Rechten<\/strong><br \/>\n&#8211; Sie k\u00f6nnen Ihre Anfragen bez\u00fcglich der Aus\u00fcbung von Rechten in Bezug auf personenbezogene Daten schriftlich an den unter Daten des Datenschutzbeauftragten des f\u00fcr die Verarbeitung Verantwortlichen aufgef\u00fchrten Kontakts richten<br \/>\n&#8211; Zum Zwecke der zuverl\u00e4ssigen Identifizierung bei der Aus\u00fcbung von Rechten in Bezug auf personenbezogene Daten k\u00f6nnen wir zus\u00e4tzliche Informationen von Ihnen anfordern und Ma\u00dfnahmen nur dann ablehnen, wenn wir nachweisen, dass wir Sie nicht zuverl\u00e4ssig identifizieren k\u00f6nnen.<br \/>\n&#8211; Wir m\u00fcssen auf Ihre Anfrage zur Aus\u00fcbung Ihrer Rechte an personenbezogenen Daten unverz\u00fcglich und sp\u00e4testens innerhalb eines Monats nach Eingang Ihrer Anfrage antworten.<\/p>\n<p><strong>Sorge um die Sicherheit personenbezogener Daten<\/strong><br \/>\nIn unserem Unternehmen verpflichten wir uns, die Informationen, die Sie uns zur Verf\u00fcgung stellen, zu sch\u00fctzen. Wir verhindern deren Offenlegung mit verschiedenen Sicherheitstechnologien. Die Daten werden in permanent gesteuerten Computersystemen mit eingeschr\u00e4nktem Zugriff auf kontrollierte Standorte gespeichert.<\/p>\n<p><strong>Weitergabe personenbezogener Daten an Dritte<\/strong><br \/>\nDie Betreiber unserer Website geben Ihre personenbezogenen Daten ohne Ihre Zustimmung nicht an Dritte weiter. Wir behalten uns das Recht vor, auf personenbezogene Daten zuzugreifen und diese offenzulegen, um die gesetzlichen Bestimmungen einzuhalten und sicherzustellen, gesetzliche Anforderungen zu erf\u00fcllen, die Informationen in Gerichtsverfahren zu verwenden oder die Rechte und das Eigentum unserer Website-Betreiber oder -Nutzer zu sch\u00fctzen.<\/p>\n<p>&nbsp;<\/p>\n<p><strong>Zustimmung<\/strong><\/p>\n<p><span style=\"font-weight: 400;\">Mit Zustimmung stimme ich zu, dass der Controller:<\/span><\/p>\n<ul>\n<li>zum Zwecke der Beantwortung Ihrer Anfrage, die wir \u00fcber unsere Website erhalten haben,<\/li>\n<li style=\"font-weight: 400;\"><span style=\"font-weight: 400;\">sammelt Informationen \u00fcber meine E-Mail-Adresse, um elektronische Newsletter und Ereignisbenachrichtigungen an den Betreiber zu senden<\/span><\/li>\n<\/ul>\n<p><span style=\"font-weight: 400;\">Zus\u00e4tzlich zu den oben genannten Informationen erfassen wir nur Informationen \u00fcber die Adresse der Website, auf der die Einwilligung erteilt wurde, und Ihre IP-Adresse, als Sie Ihre Einwilligung erteilt haben, sowie den Zeitpunkt der Einwilligung und andere Nachrichten, die Sie uns zur Aus\u00fcbung Ihrer Rechte senden zum Schutz personenbezogener Daten. Zum Zwecke der \u00dcberwachung von Abmeldungen und Einschr\u00e4nkungen bei der Verarbeitung erfassen wir das Datum der Abmeldung oder Einschr\u00e4nkungen bei der Verarbeitung und E-Mails, um Sie \u00fcber die Abmeldung und andere Nachrichten im Zusammenhang mit der Aus\u00fcbung Ihrer Rechte in Bezug auf den Schutz personenbezogener Daten zu informieren.<\/span><\/p>\n<p><span style=\"font-weight: 400;\">Sie haben das Recht, die elektronischen Nachrichten und Benachrichtigungen oder Einladungen zu Veranstaltungen jederzeit abzubestellen oder Ihre Einwilligung zu widerrufen.<\/span><\/p>\n<p><i><a href=\"https:\/\/montpreis.si\/de\/datenschutz-bestimmungen\/\" target=\"_blank\" rel=\"noopener noreferrer\">Prevod<\/a> | <a href=\"https:\/\/montpreis.si\/de\/datenschutz-bestimmungen\/\" target=\"_blank\" rel=\"noopener noreferrer\">Translation<\/a> | <a href=\"https:\/\/montpreis.si\/de\/datenschutz-bestimmungen\/\" target=\"_blank\" rel=\"noopener noreferrer\">\u00dcbersetzung<\/a><\/i>[\/vc_column_text]<div class=\"dfd-spacer-module\"  data-units=\"px\" data-wide_resolution=\"1280\" data-wide_size=\"100\" data-normal_resolution=\"1024\" data-normal_size=\"80\" data-tablet_resolution=\"800\" data-tablet_size=\"70\" data-mobile_resolution=\"480\" data-mobile_size=\"50\" style=\"height: 100px;\"><\/div>[\/vc_column][\/vc_row]<\/p>\n<\/div>","protected":false},"excerpt":{"rendered":"<p>[vc_row][vc_column][vc_column_text]Verantwortlicher f\u00fcr personenbezogene Daten und Kontaktdaten Diese Richtlinie gilt f\u00fcr die Verarbeitung (Verwendung) personenbezogener Daten durch Montpreis d.o.o. (Verantwortlicher). Bedienerinformationen: Montpreis d.o.o. Planina 65d SI-3225 Planina pri Sevnici Slowenien Telefon:<\/p>\n","protected":false},"author":1,"featured_media":0,"parent":0,"menu_order":0,"comment_status":"closed","ping_status":"closed","template":"page-custom-with-header.php","meta":{"_acf_changed":false,"footnotes":""},"class_list":["post-2995","page","type-page","status-publish","hentry"],"acf":[],"yoast_head":"<!-- This site is optimized with the Yoast SEO plugin v26.9 - https:\/\/yoast.com\/product\/yoast-seo-wordpress\/ -->\n<title>Datenschutz-Bestimmungen - Montpreis<\/title>\n<meta name=\"robots\" content=\"index, follow, max-snippet:-1, max-image-preview:large, max-video-preview:-1\" \/>\n<link rel=\"canonical\" href=\"https:\/\/montpreis.si\/de\/datenschutz-bestimmungen\/\" \/>\n<meta property=\"og:locale\" content=\"de_DE\" \/>\n<meta property=\"og:type\" content=\"article\" \/>\n<meta property=\"og:title\" content=\"Datenschutz-Bestimmungen - Montpreis\" \/>\n<meta property=\"og:description\" content=\"[vc_row][vc_column][vc_column_text]Verantwortlicher f\u00fcr personenbezogene Daten und Kontaktdaten Diese Richtlinie gilt f\u00fcr die Verarbeitung (Verwendung) personenbezogener Daten durch Montpreis d.o.o. (Verantwortlicher). Bedienerinformationen: Montpreis d.o.o. Planina 65d SI-3225 Planina pri Sevnici Slowenien Telefon:\" \/>\n<meta property=\"og:url\" content=\"https:\/\/montpreis.si\/de\/datenschutz-bestimmungen\/\" \/>\n<meta property=\"og:site_name\" content=\"Montpreis\" \/>\n<meta property=\"article:modified_time\" content=\"2021-04-10T15:45:10+00:00\" \/>\n<meta name=\"twitter:card\" content=\"summary_large_image\" \/>\n<meta name=\"twitter:label1\" content=\"Gesch\u00e4tzte Lesezeit\" \/>\n\t<meta name=\"twitter:data1\" content=\"6\u00a0Minuten\" \/>\n<script type=\"application\/ld+json\" class=\"yoast-schema-graph\">{\"@context\":\"https:\/\/schema.org\",\"@graph\":[{\"@type\":\"WebPage\",\"@id\":\"https:\/\/montpreis.si\/de\/datenschutz-bestimmungen\/\",\"url\":\"https:\/\/montpreis.si\/de\/datenschutz-bestimmungen\/\",\"name\":\"Datenschutz-Bestimmungen - Montpreis\",\"isPartOf\":{\"@id\":\"https:\/\/montpreis.si\/#website\"},\"datePublished\":\"2020-11-21T10:58:39+00:00\",\"dateModified\":\"2021-04-10T15:45:10+00:00\",\"breadcrumb\":{\"@id\":\"https:\/\/montpreis.si\/de\/datenschutz-bestimmungen\/#breadcrumb\"},\"inLanguage\":\"de\",\"potentialAction\":[{\"@type\":\"ReadAction\",\"target\":[\"https:\/\/montpreis.si\/de\/datenschutz-bestimmungen\/\"]}]},{\"@type\":\"BreadcrumbList\",\"@id\":\"https:\/\/montpreis.si\/de\/datenschutz-bestimmungen\/#breadcrumb\",\"itemListElement\":[{\"@type\":\"ListItem\",\"position\":1,\"name\":\"Home\",\"item\":\"https:\/\/montpreis.si\/de\/\"},{\"@type\":\"ListItem\",\"position\":2,\"name\":\"Datenschutz-Bestimmungen\"}]},{\"@type\":\"WebSite\",\"@id\":\"https:\/\/montpreis.si\/#website\",\"url\":\"https:\/\/montpreis.si\/\",\"name\":\"Montpreis\",\"description\":\"Odkup in prodaja hlodovine ter rezanega lesa\",\"potentialAction\":[{\"@type\":\"SearchAction\",\"target\":{\"@type\":\"EntryPoint\",\"urlTemplate\":\"https:\/\/montpreis.si\/?s={search_term_string}\"},\"query-input\":{\"@type\":\"PropertyValueSpecification\",\"valueRequired\":true,\"valueName\":\"search_term_string\"}}],\"inLanguage\":\"de\"}]}<\/script>\n<!-- \/ Yoast SEO plugin. -->","yoast_head_json":{"title":"Datenschutz-Bestimmungen - Montpreis","robots":{"index":"index","follow":"follow","max-snippet":"max-snippet:-1","max-image-preview":"max-image-preview:large","max-video-preview":"max-video-preview:-1"},"canonical":"https:\/\/montpreis.si\/de\/datenschutz-bestimmungen\/","og_locale":"de_DE","og_type":"article","og_title":"Datenschutz-Bestimmungen - Montpreis","og_description":"[vc_row][vc_column][vc_column_text]Verantwortlicher f\u00fcr personenbezogene Daten und Kontaktdaten Diese Richtlinie gilt f\u00fcr die Verarbeitung (Verwendung) personenbezogener Daten durch Montpreis d.o.o. (Verantwortlicher). Bedienerinformationen: Montpreis d.o.o. Planina 65d SI-3225 Planina pri Sevnici Slowenien Telefon:","og_url":"https:\/\/montpreis.si\/de\/datenschutz-bestimmungen\/","og_site_name":"Montpreis","article_modified_time":"2021-04-10T15:45:10+00:00","twitter_card":"summary_large_image","twitter_misc":{"Gesch\u00e4tzte Lesezeit":"6\u00a0Minuten"},"schema":{"@context":"https:\/\/schema.org","@graph":[{"@type":"WebPage","@id":"https:\/\/montpreis.si\/de\/datenschutz-bestimmungen\/","url":"https:\/\/montpreis.si\/de\/datenschutz-bestimmungen\/","name":"Datenschutz-Bestimmungen - Montpreis","isPartOf":{"@id":"https:\/\/montpreis.si\/#website"},"datePublished":"2020-11-21T10:58:39+00:00","dateModified":"2021-04-10T15:45:10+00:00","breadcrumb":{"@id":"https:\/\/montpreis.si\/de\/datenschutz-bestimmungen\/#breadcrumb"},"inLanguage":"de","potentialAction":[{"@type":"ReadAction","target":["https:\/\/montpreis.si\/de\/datenschutz-bestimmungen\/"]}]},{"@type":"BreadcrumbList","@id":"https:\/\/montpreis.si\/de\/datenschutz-bestimmungen\/#breadcrumb","itemListElement":[{"@type":"ListItem","position":1,"name":"Home","item":"https:\/\/montpreis.si\/de\/"},{"@type":"ListItem","position":2,"name":"Datenschutz-Bestimmungen"}]},{"@type":"WebSite","@id":"https:\/\/montpreis.si\/#website","url":"https:\/\/montpreis.si\/","name":"Montpreis","description":"Odkup in prodaja hlodovine ter rezanega lesa","potentialAction":[{"@type":"SearchAction","target":{"@type":"EntryPoint","urlTemplate":"https:\/\/montpreis.si\/?s={search_term_string}"},"query-input":{"@type":"PropertyValueSpecification","valueRequired":true,"valueName":"search_term_string"}}],"inLanguage":"de"}]}},"_links":{"self":[{"href":"https:\/\/montpreis.si\/de\/wp-json\/wp\/v2\/pages\/2995","targetHints":{"allow":["GET"]}}],"collection":[{"href":"https:\/\/montpreis.si\/de\/wp-json\/wp\/v2\/pages"}],"about":[{"href":"https:\/\/montpreis.si\/de\/wp-json\/wp\/v2\/types\/page"}],"author":[{"embeddable":true,"href":"https:\/\/montpreis.si\/de\/wp-json\/wp\/v2\/users\/1"}],"replies":[{"embeddable":true,"href":"https:\/\/montpreis.si\/de\/wp-json\/wp\/v2\/comments?post=2995"}],"version-history":[{"count":5,"href":"https:\/\/montpreis.si\/de\/wp-json\/wp\/v2\/pages\/2995\/revisions"}],"predecessor-version":[{"id":3369,"href":"https:\/\/montpreis.si\/de\/wp-json\/wp\/v2\/pages\/2995\/revisions\/3369"}],"wp:attachment":[{"href":"https:\/\/montpreis.si\/de\/wp-json\/wp\/v2\/media?parent=2995"}],"curies":[{"name":"wp","href":"https:\/\/api.w.org\/{rel}","templated":true}]}}