{"id":1702,"date":"2018-04-13T08:11:27","date_gmt":"2018-04-13T08:11:27","guid":{"rendered":"http:\/\/montpreis.si\/?page_id=1702"},"modified":"2026-01-13T00:03:31","modified_gmt":"2026-01-12T23:03:31","slug":"startseite","status":"publish","type":"page","link":"https:\/\/montpreis.si\/de\/","title":{"rendered":"Startseite"},"content":{"rendered":"<div class=\"wpb-content-wrapper\"><p>[vc_row dfd_enable_overlay=&#8220;&#8220; dfd_row_config=&#8220;full_width_content&#8220;][vc_column column_responsive_mobile_resolutions=&#8220;dfd-apply-tablet&#8220; dfd_column_responsive_enable=&#8220;dfd-column-responsive-enable&#8220; offset=&#8220;vc_hidden-sm vc_hidden-xs&#8220; col_shadow=&#8220;box_shadow_enable:disable|shadow_horizontal:0|shadow_vertical:15|shadow_blur:50|shadow_spread:0|box_shadow_color:rgba(0%2C0%2C0%2C0.35)&#8220; col_shadow_hover=&#8220;box_shadow_enable:disable|shadow_horizontal:0|shadow_vertical:15|shadow_blur:50|shadow_spread:0|box_shadow_color:rgba(0%2C0%2C0%2C0.35)&#8220;][vc_single_image image=&#8220;3951&#8243; img_size=&#8220;full&#8220; alignment=&#8220;center&#8220;][\/vc_column][\/vc_row][vc_row dfd_enable_overlay=&#8220;&#8220; dfd_row_config=&#8220;full_width_content&#8220;][vc_column column_responsive_mobile_resolutions=&#8220;dfd-apply-tablet&#8220; dfd_column_responsive_enable=&#8220;dfd-column-responsive-enable&#8220; offset=&#8220;vc_hidden-lg vc_hidden-md vc_hidden-xs&#8220;][vc_single_image image=&#8220;3954&#8243; img_size=&#8220;full&#8220; alignment=&#8220;center&#8220;][\/vc_column][\/vc_row][vc_row dfd_enable_overlay=&#8220;&#8220; dfd_row_config=&#8220;full_width_content&#8220;][vc_column column_responsive_mobile_classes=&#8220;dfd-remove-left-padding,dfd-remove-right-padding&#8220; column_responsive_mobile_resolutions=&#8220;dfd-apply-mobile&#8220; dfd_column_responsive_enable=&#8220;dfd-column-responsive-enable&#8220; offset=&#8220;vc_hidden-lg vc_hidden-md vc_hidden-sm&#8220; col_shadow=&#8220;box_shadow_enable:disable|shadow_horizontal:0|shadow_vertical:15|shadow_blur:50|shadow_spread:0|box_shadow_color:rgba(0%2C0%2C0%2C.35)&#8220; col_shadow_hover=&#8220;box_shadow_enable:disable|shadow_horizontal:0|shadow_vertical:15|shadow_blur:50|shadow_spread:0|box_shadow_color:rgba(0%2C0%2C0%2C.35)&#8220;][vc_single_image image=&#8220;3972&#8243; img_size=&#8220;full&#8220; alignment=&#8220;center&#8220;][\/vc_column][\/vc_row][vc_row css=&#8220;.vc_custom_1674166627620{margin-top: 50px !important;}&#8220;][vc_column css=&#8220;.vc_custom_1508693299023{padding-right: 40px !important;}&#8220; offset=&#8220;vc_col-lg-offset-0 vc_col-lg-12 vc_col-md-offset-0 vc_col-md-12 vc_col-sm-offset-0 vc_col-xs-12&#8243;]<div class=\"dfd-spacer-module\"  data-units=\"px\" data-wide_resolution=\"1280\" data-wide_size=\"100\" data-normal_resolution=\"1024\" data-normal_size=\"80\" data-tablet_resolution=\"800\" data-tablet_size=\"70\" data-mobile_resolution=\"480\" data-mobile_size=\"50\" style=\"height: 100px;\"><\/div><div id=\"213740148369fdd2fde1fcf\" class=\"dfd-equal-height-wrapper clearfix  dfd-mobile-destroy-equal-heights dfd-align-content-vertically half-size-elements dfd-normal-paddings\">[vc_images_carousel images=&#8220;4597,4604&#8243; img_size=&#8220;full&#8220; onclick=&#8220;link_no&#8220; autoplay=&#8220;yes&#8220;][vc_column_text css=&#8220;.vc_custom_1724621730255{padding-right: 20px !important;padding-left: 20px !important;}&#8220;]<\/p>\n<h1><a href=\"https:\/\/montpreis.si\/de\/ueber-uns\/\">\u00dcber Montpreis<\/a><\/h1>\n<p>Montpreis ist ein Familienunternehmen, das von Jahr zu Jahr w\u00e4chst. Wir sind seit 1991 im Bereich des An- und Verkaufs von Holz (Schnittholz und Rundholz) t\u00e4tig.<\/p>\n<p>Unser Ziel in den letzten Jahren war es, das Unternehmen in eine nachhaltige Entwicklung umzuwandeln und dabei die Natur zu schonen. Bereits in der Anfangsphase sch\u00e4len wir die St\u00e4mme und nutzen diese Reste zur Beheizung unserer eigenen Trockner. Au\u00dferdem zerkleinern wir bei der Verarbeitung von Schnittholz die Reste und nutzen sie f\u00fcr unsere eigene Heizung.<\/p>\n<p>Gerne k\u00f6nnen Sie sich unser vielf\u00e4ltiges Angebot ansehen und uns f\u00fcr weitere Informationen oder einen Besichtigungstermin kontaktieren.[\/vc_column_text]<\/div>\t\t\t<script type=\"text\/javascript\">\r\n\t\t\t\t(function($) {\r\n\t\t\t\t\t\"use strict\";\r\n\t\t\t\t\t$(document).ready(function() {\r\n\t\t\t\t\t\tif($('#213740148369fdd2fde1fcf').hasClass('dfd-align-content-vertically')) {\r\n\t\t\t\t\t\t\t$('#213740148369fdd2fde1fcf').find('>div').wrapInner('<div class=\"dfd-vertical-aligned\"><\/div>');\r\n\t\t\t\t\t\t}\r\n\t\t\t\t\t});\r\n\t\t\t\t})(jQuery);\r\n\t\t\t<\/script>\r\n            [\/vc_column][\/vc_row][vc_row dfd_row_config=&#8220;full_width_content&#8220;][vc_column offset=&#8220;vc_hidden-xs&#8220;]<div class=\"dfd-spacer-module\"  data-units=\"px\" data-wide_resolution=\"1280\" data-wide_size=\"100\" data-normal_resolution=\"1024\" data-normal_size=\"80\" data-tablet_resolution=\"800\" data-tablet_size=\"70\" data-mobile_resolution=\"480\" data-mobile_size=\"50\" style=\"height: 100px;\"><\/div>[\/vc_column][\/vc_row][vc_row][vc_column dfd_column_responsive_enable=&#8220;dfd-column-responsive-enable&#8220; css=&#8220;.vc_custom_1508698161416{padding-right: 40px !important;}&#8220; offset=&#8220;vc_col-lg-offset-0 vc_col-lg-12 vc_col-md-offset-0 vc_col-md-12 vc_col-sm-offset-0 vc_col-xs-12&#8243; responsive_styles=&#8220;margin_top_tablet:50|margin_top_mobile:50&#8243;]<div id=\"176191423369fdd2fde20d5\" class=\"dfd-equal-height-wrapper clearfix  dfd-mobile-destroy-equal-heights dfd-align-content-vertically half-size-elements dfd-normal-paddings\">[vc_column_text css=&#8220;.vc_custom_1755503854090{padding-right: 20px !important;padding-left: 20px !important;}&#8220;]<\/p>\n<h1><a href=\"https:\/\/montpreis.si\/de\/rundholzeinkauf\/\">Rundholzeinkauf<\/a><\/h1>\n<p style=\"text-align: left;\">Wir kaufen Rundholz von Eiche, Esche, amerikanischem Nussbaum mit europ\u00e4ischem Ursprung, europ\u00e4ischem Nussbaum, Ahorn, Akazie, Kastanie, Ulme sowie von den meisten anderen Laubharth\u00f6lzern an.<\/p>\n<p><strong>Rufen Sie uns an, <\/strong>um eine \u00dcbernahme und ein Kaufangebot f\u00fcr Ihr Rundholz zu vereinbaren.<\/p>\n<p style=\"text-align: left;\"><a href=\" tel: +38651244740\"><img loading=\"lazy\" decoding=\"async\" class=\"alignnone wp-image-1300\" src=\"https:\/\/montpreis.si\/wp-content\/uploads\/2018\/04\/Montpreis-ikone-de-rufen.jpg\" alt=\"Odkup hlodovine\" width=\"150\" height=\"50\" \/>\u00a0 \u00a0 \u00a0 <\/a><a href=\"mailto:info@montpreis.si\"><img loading=\"lazy\" decoding=\"async\" class=\"alignnone wp-image-466\" src=\"https:\/\/montpreis.si\/wp-content\/uploads\/2018\/04\/Montpreis-ikone-de-schreiben.jpg\" alt=\"Kontakt Montpreis\" width=\"150\" height=\"50\" \/><\/a><\/p>\n<p>[\/vc_column_text][vc_single_image image=&#8220;460&#8243; img_size=&#8220;full&#8220; alignment=&#8220;right&#8220; css_animation=&#8220;right-to-left&#8220; item_animation=&#8220;transition.fadeIn&#8220; css=&#8220;.vc_custom_1508694194830{padding-right: 20px !important;padding-left: 20px !important;}&#8220;]<\/div>\t\t\t<script type=\"text\/javascript\">\r\n\t\t\t\t(function($) {\r\n\t\t\t\t\t\"use strict\";\r\n\t\t\t\t\t$(document).ready(function() {\r\n\t\t\t\t\t\tif($('#176191423369fdd2fde20d5').hasClass('dfd-align-content-vertically')) {\r\n\t\t\t\t\t\t\t$('#176191423369fdd2fde20d5').find('>div').wrapInner('<div class=\"dfd-vertical-aligned\"><\/div>');\r\n\t\t\t\t\t\t}\r\n\t\t\t\t\t});\r\n\t\t\t\t})(jQuery);\r\n\t\t\t<\/script>\r\n            [\/vc_column][\/vc_row][vc_row dfd_row_responsive_enable=&#8220;dfd-row-responsive-enable&#8220; css=&#8220;.vc_custom_1508697758982{margin-top: 100px !important;background-image: url(https:\/\/montpreis.si\/wp-content\/uploads\/2017\/08\/montpreis-sivi-les.jpg?id=156) !important;}&#8220; responsive_styles=&#8220;margin_top_desktop:100|margin_top_tablet:80|margin_top_mobile:70&#8243;][vc_column]<div class=\"dfd-spacer-module\"  data-units=\"px\" data-wide_resolution=\"1280\" data-wide_size=\"50\" data-normal_resolution=\"1024\" data-normal_size=\"30\" data-tablet_resolution=\"800\" data-tablet_size=\"30\" data-mobile_resolution=\"480\" data-mobile_size=\"25\" style=\"height: 50px;\"><\/div><div class=\"dfd-heading-shortcode\"><div class=\"dfd-heading-module-wrap  text-center style_01 dfd-heading-69fdd2fde222b dfd-disable-resposive-headings\" id=\"dfd-heading-69fdd2fde222b\" ><div class=\"inline-block\"><div class=\"dfd-heading-module\"><h5 class=\"widget-title dfd-title \" style=\"\"><\/p>\n<h1><a href=\"https:\/\/montpreis.si\/de\/unser-angebot\/\">Unser Angebot<\/a><\/h1>\n<p><\/h5><div class=\"dfd-heading-delimiter\"><\/div><\/div><\/div><\/div><script type=\"text\/javascript\">\r\n\t\t\t\t\t\t\t\t\t(function($) {\r\n\t\t\t\t\t\t\t\t\t\t$(\"head\").append(\"<style>.dfd-heading-69fdd2fde222b.dfd-heading-module-wrap .dfd-heading-module .dfd-heading-delimiter {border-bottom-style:solid;border-bottom-width:1px;width:100px;border-bottom-color:#dddddd;}.dfd-heading-69fdd2fde222b.dfd-heading-module-wrap .dfd-heading-module .dfd-heading-delimiter {margin-top:10px;margin-bottom:10px;}<\/style>\");\r\n\t\t\t\t\t\t\t\t\t})(jQuery);\r\n\t\t\t\t\t\t\t\t<\/script><\/div><div class=\"dfd-spacer-module\"  data-units=\"px\" data-wide_resolution=\"1280\" data-wide_size=\"50\" data-normal_resolution=\"1024\" data-normal_size=\"30\" data-tablet_resolution=\"800\" data-tablet_size=\"30\" data-mobile_resolution=\"480\" data-mobile_size=\"25\" style=\"height: 50px;\"><\/div>[vc_row_inner][vc_column_inner width=&#8220;1\/3&#8243;]<div id=\"idinfobox69fdd2fde245b\" class=\"dfd-info-box clearfix style-01 layout-01  idinfobox69fdd2fde245b text-center\" ><div class=\"dfd-animate-container\"><div class=\"icon-wrapper\"><div class=\"module-icon\" ><div class=\"hover-layer\" ><\/div><img decoding=\"async\" src=\"https:\/\/montpreis.si\/wp-content\/uploads\/2023\/01\/ponudba-montpreis-zagan-les.png\" alt=\"\u017dagan rezan les\" style=\"opacity: 1;\" \/><\/div><\/div><h2 class=\"info-box-title \" style=\"color: #006738 !important; \">SCHNITTHOLZ<\/h2><div class=\"wrap-delimiter\"><div class=\"delimiter\" ><\/div><\/div><div class=\"description\" style=\"color: #ffffff !important; \"><\/div><a href=\"http:\/\/montpreis.si\/de\/unser-angebot\/schnittholz\/\" title=\"SCHNITTHOLZ\"  class=\"full-box-link\"><\/a><\/div><\/div>[\/vc_column_inner][vc_column_inner width=&#8220;1\/3&#8243;]<div id=\"idinfobox69fdd2fde2a31\" class=\"dfd-info-box clearfix style-01 layout-01  idinfobox69fdd2fde2a31 text-center\" ><div class=\"dfd-animate-container\"><div class=\"icon-wrapper\"><div class=\"module-icon\" ><div class=\"hover-layer\" ><\/div><img decoding=\"async\" src=\"https:\/\/montpreis.si\/wp-content\/uploads\/2017\/08\/ponudba-montpreis-2-1.png\" alt=\"Bulsi - Montpreis\" style=\"opacity: 1;\" \/><\/div><\/div><h2 class=\"info-box-title \" style=\"color: #006738 !important; \">BOULESWARE<\/h2><div class=\"wrap-delimiter\"><div class=\"delimiter\" ><\/div><\/div><div class=\"description\" style=\"color: #ffffff !important; \"><\/div><a href=\"http:\/\/montpreis.si\/de\/unser-angebot\/boulesware\/\" title=\"BOULESWARE\"  class=\"full-box-link\"><\/a><\/div><\/div>[\/vc_column_inner][vc_column_inner width=&#8220;1\/3&#8243;]<div id=\"idinfobox69fdd2fde3434\" class=\"dfd-info-box clearfix style-01 layout-01  idinfobox69fdd2fde3434 text-center\" ><div class=\"dfd-animate-container\"><div class=\"icon-wrapper\"><div class=\"module-icon\" ><div class=\"hover-layer\" ><\/div><img decoding=\"async\" src=\"https:\/\/montpreis.si\/wp-content\/uploads\/2017\/08\/ponudba-montpreis-1-1.png\" alt=\"Hlodovina - Montpreis\" style=\"opacity: 1;\" \/><\/div><\/div><h2 class=\"info-box-title \" style=\"color: #006738 !important; \">RUNDHOLZ<\/h2><div class=\"wrap-delimiter\"><div class=\"delimiter\" ><\/div><\/div><div class=\"description\" style=\"color: #ffffff !important; \"><\/div><a href=\"http:\/\/montpreis.si\/de\/unser-angebot\/rundholz\/\" title=\"RUNDHOLZ\"  class=\"full-box-link\"><\/a><\/div><\/div>[\/vc_column_inner][\/vc_row_inner]<div class=\"dfd-spacer-module\"  data-units=\"px\" data-wide_resolution=\"1280\" data-wide_size=\"50\" data-normal_resolution=\"1024\" data-normal_size=\"30\" data-tablet_resolution=\"800\" data-tablet_size=\"30\" data-mobile_resolution=\"480\" data-mobile_size=\"25\" style=\"height: 50px;\"><\/div>[vc_row_inner][vc_column_inner width=&#8220;1\/3&#8243;]<div id=\"idinfobox69fdd2fde3ced\" class=\"dfd-info-box clearfix style-01 layout-01  idinfobox69fdd2fde3ced text-center\" ><div class=\"dfd-animate-container\"><div class=\"icon-wrapper\"><div class=\"module-icon\" ><div class=\"hover-layer\" ><\/div><img decoding=\"async\" src=\"https:\/\/montpreis.si\/wp-content\/uploads\/2017\/08\/ponudba-montpreis-4-1.png\" alt=\"Pragovi in mostnice - Montpreis\" style=\"opacity: 1;\" \/><\/div><\/div><h2 class=\"info-box-title \" style=\"color: #006738 !important; \">SCHWELLEN UND BR\u00dcCKENSCHWELLEN<\/h2><div class=\"wrap-delimiter\"><div class=\"delimiter\" ><\/div><\/div><div class=\"description\" style=\"color: #ffffff !important; \"><\/div><a href=\"http:\/\/montpreis.si\/de\/unser-angebot\/eisenbahnschwellen-und-brueckenschwellen\/\" title=\"SCHWELLEN UND BR\u00dcCKENSCHWELLEN\"  class=\"full-box-link\"><\/a><\/div><\/div>[\/vc_column_inner][vc_column_inner width=&#8220;1\/3&#8243;]<div id=\"idinfobox69fdd2fde43a7\" class=\"dfd-info-box clearfix style-01 layout-01  idinfobox69fdd2fde43a7 text-center\" ><div class=\"dfd-animate-container\"><div class=\"icon-wrapper\"><div class=\"module-icon\" ><div class=\"hover-layer\" ><\/div><img decoding=\"async\" src=\"https:\/\/montpreis.si\/wp-content\/uploads\/2017\/08\/ponudba-montpreis-5-1.png\" alt=\"Furnir - Montpreis\" style=\"opacity: 1;\" \/><\/div><\/div><h2 class=\"info-box-title \" style=\"color: #006738 !important; \">FURNIER (Ahorn, Ahorn Riegel)<\/h2><div class=\"wrap-delimiter\"><div class=\"delimiter\" ><\/div><\/div><div class=\"description\" style=\"color: #ffffff !important; \"><\/div><a href=\"http:\/\/montpreis.si\/de\/unser-angebot\/furnier\/\" title=\"FURNIER (Ahorn, Ahorn Riegel)\"  class=\"full-box-link\"><\/a><\/div><\/div>[\/vc_column_inner][vc_column_inner width=&#8220;1\/3&#8243;]<div id=\"idinfobox69fdd2fde4980\" class=\"dfd-info-box clearfix style-01 layout-01  idinfobox69fdd2fde4980 text-center\" ><div class=\"dfd-animate-container\"><div class=\"icon-wrapper\"><div class=\"module-icon\" ><div class=\"hover-layer\" ><\/div><img decoding=\"async\" src=\"https:\/\/montpreis.si\/wp-content\/uploads\/2017\/08\/ponudba-montpreis-6-1.png\" alt=\"Staran les - Montpreis\" style=\"opacity: 1;\" \/><\/div><\/div><h2 class=\"info-box-title \" style=\"color: #006738 !important; \">ALTES EICHENHOLZ<\/h2><div class=\"wrap-delimiter\"><div class=\"delimiter\" ><\/div><\/div><div class=\"description\" style=\"color: #ffffff !important; \"><\/div><a href=\"http:\/\/montpreis.si\/de\/unser-angebot\/antikes-holz\/\" title=\"ALTES EICHENHOLZ\"  class=\"full-box-link\"><\/a><\/div><\/div>[\/vc_column_inner][\/vc_row_inner]<div class=\"dfd-spacer-module\"  data-units=\"px\" data-wide_resolution=\"1280\" data-wide_size=\"120\" data-normal_resolution=\"1024\" data-normal_size=\"90\" data-tablet_resolution=\"800\" data-tablet_size=\"80\" data-mobile_resolution=\"480\" data-mobile_size=\"60\" style=\"height: 120px;\"><\/div>[\/vc_column][\/vc_row][vc_row css=&#8220;.vc_custom_1505336241948{background-color: #006738 !important;}&#8220;][vc_column offset=&#8220;vc_hidden-sm vc_hidden-xs&#8220; css=&#8220;.vc_custom_1508694722887{padding-top: 30px !important;padding-bottom: 30px !important;}&#8220;][vc_column_text]<\/p>\n<p style=\"text-align: center; color: #ffffff; font-size: 20px; line-height: 23px;\">F\u00fcr weitere Informationen kontaktieren Sie uns bitte: <a style=\"color: #ffffff; font-size: 20px; line-height: 23px;\" href=\"mailto:info@montpreis.si\">info@montpreis.si<\/a>, <a style=\"color: #ffffff; font-size: 20px; line-height: 23px;\" href=\"tel:+38651244740\">+386 (0)51 244 740<\/a><\/p>\n<p>[\/vc_column_text][\/vc_column][\/vc_row][vc_row css=&#8220;.vc_custom_1505336241948{background-color: #006738 !important;}&#8220;][vc_column offset=&#8220;vc_hidden-lg vc_hidden-md&#8220;][vc_column_text css=&#8220;.vc_custom_1678833430851{padding-top: 30px !important;padding-bottom: 30px !important;}&#8220;]<\/p>\n<p style=\"text-align: center; color: #ffffff; font-size: 20px; line-height: 23px;\">F\u00fcr weitere Informationen kontaktieren Sie uns bitte: <a style=\"color: #ffffff; font-size: 20px; line-height: 23px;\" href=\"mailto:info@montpreis.si\">info@montpreis.si<\/a>, <a style=\"color: #ffffff; font-size: 20px; line-height: 23px;\" href=\"tel:+38651244740\">+386 (0)51 244 740<\/a><\/p>\n<p>[\/vc_column_text][\/vc_column][\/vc_row]<\/p>\n<\/div>","protected":false},"excerpt":{"rendered":"<p>[vc_row dfd_enable_overlay=&#8220;&#8220; dfd_row_config=&#8220;full_width_content&#8220;][vc_column column_responsive_mobile_resolutions=&#8220;dfd-apply-tablet&#8220; dfd_column_responsive_enable=&#8220;dfd-column-responsive-enable&#8220; offset=&#8220;vc_hidden-sm vc_hidden-xs&#8220; col_shadow=&#8220;box_shadow_enable:disable|shadow_horizontal:0|shadow_vertical:15|shadow_blur:50|shadow_spread:0|box_shadow_color:rgba(0%2C0%2C0%2C0.35)&#8220; col_shadow_hover=&#8220;box_shadow_enable:disable|shadow_horizontal:0|shadow_vertical:15|shadow_blur:50|shadow_spread:0|box_shadow_color:rgba(0%2C0%2C0%2C0.35)&#8220;][vc_single_image image=&#8220;3951&#8243; img_size=&#8220;full&#8220; alignment=&#8220;center&#8220;][\/vc_column][\/vc_row][vc_row dfd_enable_overlay=&#8220;&#8220; dfd_row_config=&#8220;full_width_content&#8220;][vc_column column_responsive_mobile_resolutions=&#8220;dfd-apply-tablet&#8220; dfd_column_responsive_enable=&#8220;dfd-column-responsive-enable&#8220; offset=&#8220;vc_hidden-lg vc_hidden-md vc_hidden-xs&#8220;][vc_single_image image=&#8220;3954&#8243; img_size=&#8220;full&#8220; alignment=&#8220;center&#8220;][\/vc_column][\/vc_row][vc_row dfd_enable_overlay=&#8220;&#8220; dfd_row_config=&#8220;full_width_content&#8220;][vc_column column_responsive_mobile_classes=&#8220;dfd-remove-left-padding,dfd-remove-right-padding&#8220; column_responsive_mobile_resolutions=&#8220;dfd-apply-mobile&#8220; dfd_column_responsive_enable=&#8220;dfd-column-responsive-enable&#8220; offset=&#8220;vc_hidden-lg vc_hidden-md vc_hidden-sm&#8220;<\/p>\n","protected":false},"author":1,"featured_media":0,"parent":0,"menu_order":0,"comment_status":"closed","ping_status":"closed","template":"page-custom.php","meta":{"_acf_changed":false,"footnotes":""},"class_list":["post-1702","page","type-page","status-publish","hentry"],"acf":[],"yoast_head":"<!-- This site is optimized with the Yoast SEO plugin v26.9 - https:\/\/yoast.com\/product\/yoast-seo-wordpress\/ -->\n<title>MONTPREIS - Rundholzeinkauf und verkauf von Schnittholz<\/title>\n<meta name=\"description\" content=\"Verkauf und Kauf von Schnittholz und Rundholz +386 (0)8 205 4039, info@montpreis.si; Montpreis d.o.o., Planina 65d, SI-3225 Planina pri Sevnici, Slowenien\" \/>\n<meta name=\"robots\" content=\"index, follow, max-snippet:-1, max-image-preview:large, max-video-preview:-1\" \/>\n<link rel=\"canonical\" href=\"https:\/\/montpreis.si\/de\/\" \/>\n<meta property=\"og:locale\" content=\"de_DE\" \/>\n<meta property=\"og:type\" content=\"article\" \/>\n<meta property=\"og:title\" content=\"MONTPREIS - Rundholzeinkauf und verkauf von Schnittholz\" \/>\n<meta property=\"og:description\" content=\"Verkauf und Kauf von Schnittholz und Rundholz +386 (0)8 205 4039, info@montpreis.si; Montpreis d.o.o., Planina 65d, SI-3225 Planina pri Sevnici, Slowenien\" \/>\n<meta property=\"og:url\" content=\"https:\/\/montpreis.si\/de\/\" \/>\n<meta property=\"og:site_name\" content=\"Montpreis\" \/>\n<meta property=\"article:modified_time\" content=\"2026-01-12T23:03:31+00:00\" \/>\n<meta property=\"og:image\" content=\"https:\/\/montpreis.si\/wp-content\/uploads\/2018\/04\/Montpreis-ikone-de-rufen.jpg\" \/>\n<meta name=\"twitter:card\" content=\"summary_large_image\" \/>\n<meta name=\"twitter:label1\" content=\"Gesch\u00e4tzte Lesezeit\" \/>\n\t<meta name=\"twitter:data1\" content=\"6\u00a0Minuten\" \/>\n<script type=\"application\/ld+json\" class=\"yoast-schema-graph\">{\"@context\":\"https:\/\/schema.org\",\"@graph\":[{\"@type\":\"WebPage\",\"@id\":\"https:\/\/montpreis.si\/de\/\",\"url\":\"https:\/\/montpreis.si\/de\/\",\"name\":\"MONTPREIS - Rundholzeinkauf und verkauf von Schnittholz\",\"isPartOf\":{\"@id\":\"https:\/\/montpreis.si\/#website\"},\"primaryImageOfPage\":{\"@id\":\"https:\/\/montpreis.si\/de\/#primaryimage\"},\"image\":{\"@id\":\"https:\/\/montpreis.si\/de\/#primaryimage\"},\"thumbnailUrl\":\"https:\/\/montpreis.si\/wp-content\/uploads\/2018\/04\/Montpreis-ikone-de-rufen.jpg\",\"datePublished\":\"2018-04-13T08:11:27+00:00\",\"dateModified\":\"2026-01-12T23:03:31+00:00\",\"description\":\"Verkauf und Kauf von Schnittholz und Rundholz +386 (0)8 205 4039, info@montpreis.si; Montpreis d.o.o., Planina 65d, SI-3225 Planina pri Sevnici, Slowenien\",\"breadcrumb\":{\"@id\":\"https:\/\/montpreis.si\/de\/#breadcrumb\"},\"inLanguage\":\"de\",\"potentialAction\":[{\"@type\":\"ReadAction\",\"target\":[\"https:\/\/montpreis.si\/de\/\"]}]},{\"@type\":\"ImageObject\",\"inLanguage\":\"de\",\"@id\":\"https:\/\/montpreis.si\/de\/#primaryimage\",\"url\":\"https:\/\/montpreis.si\/wp-content\/uploads\/2018\/04\/Montpreis-ikone-de-rufen.jpg\",\"contentUrl\":\"https:\/\/montpreis.si\/wp-content\/uploads\/2018\/04\/Montpreis-ikone-de-rufen.jpg\"},{\"@type\":\"BreadcrumbList\",\"@id\":\"https:\/\/montpreis.si\/de\/#breadcrumb\",\"itemListElement\":[{\"@type\":\"ListItem\",\"position\":1,\"name\":\"Home\",\"item\":\"https:\/\/montpreis.si\/de\/\"},{\"@type\":\"ListItem\",\"position\":2,\"name\":\"Startseite\"}]},{\"@type\":\"WebSite\",\"@id\":\"https:\/\/montpreis.si\/#website\",\"url\":\"https:\/\/montpreis.si\/\",\"name\":\"Montpreis\",\"description\":\"Odkup in prodaja hlodovine ter rezanega lesa\",\"potentialAction\":[{\"@type\":\"SearchAction\",\"target\":{\"@type\":\"EntryPoint\",\"urlTemplate\":\"https:\/\/montpreis.si\/?s={search_term_string}\"},\"query-input\":{\"@type\":\"PropertyValueSpecification\",\"valueRequired\":true,\"valueName\":\"search_term_string\"}}],\"inLanguage\":\"de\"}]}<\/script>\n<!-- \/ Yoast SEO plugin. -->","yoast_head_json":{"title":"MONTPREIS - Rundholzeinkauf und verkauf von Schnittholz","description":"Verkauf und Kauf von Schnittholz und Rundholz +386 (0)8 205 4039, info@montpreis.si; Montpreis d.o.o., Planina 65d, SI-3225 Planina pri Sevnici, Slowenien","robots":{"index":"index","follow":"follow","max-snippet":"max-snippet:-1","max-image-preview":"max-image-preview:large","max-video-preview":"max-video-preview:-1"},"canonical":"https:\/\/montpreis.si\/de\/","og_locale":"de_DE","og_type":"article","og_title":"MONTPREIS - Rundholzeinkauf und verkauf von Schnittholz","og_description":"Verkauf und Kauf von Schnittholz und Rundholz +386 (0)8 205 4039, info@montpreis.si; Montpreis d.o.o., Planina 65d, SI-3225 Planina pri Sevnici, Slowenien","og_url":"https:\/\/montpreis.si\/de\/","og_site_name":"Montpreis","article_modified_time":"2026-01-12T23:03:31+00:00","og_image":[{"url":"https:\/\/montpreis.si\/wp-content\/uploads\/2018\/04\/Montpreis-ikone-de-rufen.jpg","type":"","width":"","height":""}],"twitter_card":"summary_large_image","twitter_misc":{"Gesch\u00e4tzte Lesezeit":"6\u00a0Minuten"},"schema":{"@context":"https:\/\/schema.org","@graph":[{"@type":"WebPage","@id":"https:\/\/montpreis.si\/de\/","url":"https:\/\/montpreis.si\/de\/","name":"MONTPREIS - Rundholzeinkauf und verkauf von Schnittholz","isPartOf":{"@id":"https:\/\/montpreis.si\/#website"},"primaryImageOfPage":{"@id":"https:\/\/montpreis.si\/de\/#primaryimage"},"image":{"@id":"https:\/\/montpreis.si\/de\/#primaryimage"},"thumbnailUrl":"https:\/\/montpreis.si\/wp-content\/uploads\/2018\/04\/Montpreis-ikone-de-rufen.jpg","datePublished":"2018-04-13T08:11:27+00:00","dateModified":"2026-01-12T23:03:31+00:00","description":"Verkauf und Kauf von Schnittholz und Rundholz +386 (0)8 205 4039, info@montpreis.si; Montpreis d.o.o., Planina 65d, SI-3225 Planina pri Sevnici, Slowenien","breadcrumb":{"@id":"https:\/\/montpreis.si\/de\/#breadcrumb"},"inLanguage":"de","potentialAction":[{"@type":"ReadAction","target":["https:\/\/montpreis.si\/de\/"]}]},{"@type":"ImageObject","inLanguage":"de","@id":"https:\/\/montpreis.si\/de\/#primaryimage","url":"https:\/\/montpreis.si\/wp-content\/uploads\/2018\/04\/Montpreis-ikone-de-rufen.jpg","contentUrl":"https:\/\/montpreis.si\/wp-content\/uploads\/2018\/04\/Montpreis-ikone-de-rufen.jpg"},{"@type":"BreadcrumbList","@id":"https:\/\/montpreis.si\/de\/#breadcrumb","itemListElement":[{"@type":"ListItem","position":1,"name":"Home","item":"https:\/\/montpreis.si\/de\/"},{"@type":"ListItem","position":2,"name":"Startseite"}]},{"@type":"WebSite","@id":"https:\/\/montpreis.si\/#website","url":"https:\/\/montpreis.si\/","name":"Montpreis","description":"Odkup in prodaja hlodovine ter rezanega lesa","potentialAction":[{"@type":"SearchAction","target":{"@type":"EntryPoint","urlTemplate":"https:\/\/montpreis.si\/?s={search_term_string}"},"query-input":{"@type":"PropertyValueSpecification","valueRequired":true,"valueName":"search_term_string"}}],"inLanguage":"de"}]}},"_links":{"self":[{"href":"https:\/\/montpreis.si\/de\/wp-json\/wp\/v2\/pages\/1702","targetHints":{"allow":["GET"]}}],"collection":[{"href":"https:\/\/montpreis.si\/de\/wp-json\/wp\/v2\/pages"}],"about":[{"href":"https:\/\/montpreis.si\/de\/wp-json\/wp\/v2\/types\/page"}],"author":[{"embeddable":true,"href":"https:\/\/montpreis.si\/de\/wp-json\/wp\/v2\/users\/1"}],"replies":[{"embeddable":true,"href":"https:\/\/montpreis.si\/de\/wp-json\/wp\/v2\/comments?post=1702"}],"version-history":[{"count":68,"href":"https:\/\/montpreis.si\/de\/wp-json\/wp\/v2\/pages\/1702\/revisions"}],"predecessor-version":[{"id":5068,"href":"https:\/\/montpreis.si\/de\/wp-json\/wp\/v2\/pages\/1702\/revisions\/5068"}],"wp:attachment":[{"href":"https:\/\/montpreis.si\/de\/wp-json\/wp\/v2\/media?parent=1702"}],"curies":[{"name":"wp","href":"https:\/\/api.w.org\/{rel}","templated":true}]}}